{"id":2,"date":"2014-05-18T13:20:32","date_gmt":"2014-05-18T11:20:32","guid":{"rendered":"http:\/\/www.naturgarten-altena.de\/wordpress\/?page_id=2"},"modified":"2014-05-29T12:38:05","modified_gmt":"2014-05-29T10:38:05","slug":"unser-garten","status":"publish","type":"page","link":"http:\/\/www.naturgarten-altena.de\/?page_id=2","title":{"rendered":"Unser Garten"},"content":{"rendered":"<hr \/>\n<p style=\"text-align: justify;\">Herzlich Willkommen zu einem Gartenspaziergang durch unseren ca.5000m\u00b2 gro\u00dfen, naturnah angelegten und abwechslungsreichen Garten.<\/p>\n<p align=\"JUSTIFY\">Auf verschlungenen Wegen zwischen sonnenverw\u00f6hnten Staudenpflanzungen und dem schattigen Waldgarten, vorbei an Trockenmauern, einem gro\u00dfen Steinrondell und dem naturnah angelegten Teich k\u00f6nnen Sie eine umfangreiche\u00a0Pflanzensammlung entdecken.<\/p>\n<p align=\"JUSTIFY\">Bei warmem Wetter sind auch zahlreiche Vogel-, Insekten -und Schmetterlingsarten zu beobachten. Immer wieder laden (zum Teil \u00fcberdachte) Sitzgelegenheiten dazu ein, die Seele ein wenig baumeln zu lassen und den Garten aus einer neuen Perspektive zu betrachten. Bringen Sie ruhig etwas Zeit mit.\u00a0Auch f\u00fcr Kinder gibt es viel Interessantes zu entdecken.<\/p>\n<p style=\"text-align: justify;\">Durch Totholz- und Lesesteinhaufen, liegengelassenem Falllaub, fruchtende Str\u00e4ucher und eine gro\u00dfe Pflanzenvielfalt ist ein kleinstrukturiertes Biotop entstanden, das von Jahr zu Jahr immer mehr Tieren einen Lebensraum bietet und f\u00fcr den Menschen ein Ort der Entspannung ist.<\/p>\n","protected":false},"excerpt":{"rendered":"<p>Herzlich Willkommen zu einem Gartenspaziergang durch unseren ca.5000m\u00b2 gro\u00dfen, naturnah angelegten und abwechslungsreichen Garten. Auf verschlungenen Wegen zwischen sonnenverw\u00f6hnten Staudenpflanzungen und dem schattigen Waldgarten, vorbei an Trockenmauern, einem gro\u00dfen Steinrondell und dem naturnah angelegten Teich k\u00f6nnen Sie eine umfangreiche\u00a0Pflanzensammlung entdecken. Bei warmem Wetter sind auch zahlreiche Vogel-, Insekten -und Schmetterlingsarten<\/p>\n","protected":false},"author":1,"featured_media":0,"parent":0,"menu_order":0,"comment_status":"closed","ping_status":"closed","template":"","meta":{"footnotes":""},"class_list":["post-2","page","type-page","status-publish","hentry"],"_links":{"self":[{"href":"http:\/\/www.naturgarten-altena.de\/index.php?rest_route=\/wp\/v2\/pages\/2","targetHints":{"allow":["GET"]}}],"collection":[{"href":"http:\/\/www.naturgarten-altena.de\/index.php?rest_route=\/wp\/v2\/pages"}],"about":[{"href":"http:\/\/www.naturgarten-altena.de\/index.php?rest_route=\/wp\/v2\/types\/page"}],"author":[{"embeddable":true,"href":"http:\/\/www.naturgarten-altena.de\/index.php?rest_route=\/wp\/v2\/users\/1"}],"replies":[{"embeddable":true,"href":"http:\/\/www.naturgarten-altena.de\/index.php?rest_route=%2Fwp%2Fv2%2Fcomments&post=2"}],"version-history":[{"count":10,"href":"http:\/\/www.naturgarten-altena.de\/index.php?rest_route=\/wp\/v2\/pages\/2\/revisions"}],"predecessor-version":[{"id":290,"href":"http:\/\/www.naturgarten-altena.de\/index.php?rest_route=\/wp\/v2\/pages\/2\/revisions\/290"}],"wp:attachment":[{"href":"http:\/\/www.naturgarten-altena.de\/index.php?rest_route=%2Fwp%2Fv2%2Fmedia&parent=2"}],"curies":[{"name":"wp","href":"https:\/\/api.w.org\/{rel}","templated":true}]}}